{"id":12,"date":"2022-08-10T15:19:53","date_gmt":"2022-08-10T15:19:53","guid":{"rendered":"http:\/\/www.ittservice.net\/?page_id=12"},"modified":"2022-08-10T15:27:37","modified_gmt":"2022-08-10T15:27:37","slug":"iletisim","status":"publish","type":"page","link":"http:\/\/www.ittservice.net\/index.php\/iletisim\/","title":{"rendered":"ileti\u015fim"},"content":{"rendered":"\n<p>Ac\u0131badem No.15 K:1 D:3 Kad\u0131koy<\/p>\n\n\n\n<p>347118<\/p>\n\n\n\n<p>\u0130stanbul T\u00fcrkiye<\/p>\n\n\n\n<p>Tel :0 216 326 91 91 <\/p>\n\n\n\n<p>mail :info@ittservice.com <\/p>\n","protected":false},"excerpt":{"rendered":"<p>Ac\u0131badem No.15 K:1 D:3 Kad\u0131koy 347118 \u0130stanbul T\u00fcrkiye Tel :0 216 326 91 91 mail :info@ittservice.com<\/p>\n","protected":false},"author":1,"featured_media":0,"parent":0,"menu_order":0,"comment_status":"closed","ping_status":"closed","template":"","meta":{"footnotes":""},"class_list":["post-12","page","type-page","status-publish","hentry"],"_links":{"self":[{"href":"http:\/\/www.ittservice.net\/index.php\/wp-json\/wp\/v2\/pages\/12"}],"collection":[{"href":"http:\/\/www.ittservice.net\/index.php\/wp-json\/wp\/v2\/pages"}],"about":[{"href":"http:\/\/www.ittservice.net\/index.php\/wp-json\/wp\/v2\/types\/page"}],"author":[{"embeddable":true,"href":"http:\/\/www.ittservice.net\/index.php\/wp-json\/wp\/v2\/users\/1"}],"replies":[{"embeddable":true,"href":"http:\/\/www.ittservice.net\/index.php\/wp-json\/wp\/v2\/comments?post=12"}],"version-history":[{"count":1,"href":"http:\/\/www.ittservice.net\/index.php\/wp-json\/wp\/v2\/pages\/12\/revisions"}],"predecessor-version":[{"id":13,"href":"http:\/\/www.ittservice.net\/index.php\/wp-json\/wp\/v2\/pages\/12\/revisions\/13"}],"wp:attachment":[{"href":"http:\/\/www.ittservice.net\/index.php\/wp-json\/wp\/v2\/media?parent=12"}],"curies":[{"name":"wp","href":"https:\/\/api.w.org\/{rel}","templated":true}]}}