{"id":2,"date":"2022-08-10T15:28:48","date_gmt":"2022-08-10T15:28:48","guid":{"rendered":"http:\/\/www.ittservice.net\/?page_id=2"},"modified":"2022-08-10T15:28:48","modified_gmt":"2022-08-10T15:28:48","slug":"sample-page","status":"publish","type":"page","link":"http:\/\/www.ittservice.net\/index.php\/sample-page\/","title":{"rendered":"Anasayfa"},"content":{"rendered":"\n<h2 class=\"wp-block-heading\">Bilgisayarl\u0131 Sistemler Validasyonu<\/h2>\n\n\n\n<p>G\u00fcn\u00fcm\u00fczde otoritelere kar\u015f\u0131 \u00e7\u0131kacak problemler ile kar\u015f\u0131la\u015fma riskini minimum seviyeye indirmek ve kar\u0131\u015f\u0131kl\u0131klar\u0131 engellemek i\u00e7in uygunluk seviyesini en iyi duruma getirmek ve maliyet gibi konularda yard\u0131m alabilmek i\u00e7in kullan\u0131lan sistemler&nbsp;<strong>bilgisayarl\u0131 sistemler validasyonu<\/strong>&nbsp;i\u015flemleridir. G\u00fcn\u00fcm\u00fcz ko\u015fullar\u0131nda \u00e7al\u0131\u015fma alanlar\u0131ndaki personellerin vasatl\u0131k d\u00fczeyini kabullenmek ve bilgisayar yard\u0131mlar\u0131 ile bu tarz personellerin davran\u0131\u015flar\u0131n\u0131 ve e\u011fitim d\u00fczeylerinin d\u00fc\u015f\u00fckl\u00fc\u011f\u00fcn\u00fc g\u00fcvenli bir \u015fekil kontrol alt\u0131na almak gibi konular\u0131 i\u00e7eren \u00e7al\u0131\u015fmalar&nbsp;<strong>bilgisayarl\u0131 sistemler validasyon e\u011fitimi<\/strong>&nbsp;i\u00e7erisindedir.<\/p>\n\n\n\n<h2 class=\"wp-block-heading\">Bilgisayarl\u0131 Sistemler Validasyonu E\u011fitimi<\/h2>\n\n\n\n<p>G\u00fcn\u00fcm\u00fczde bir\u00e7ok sekt\u00f6rden bir\u00e7ok kurumun ihtiyac\u0131 olan bu sistemler konusunda kurumlar\u0131n b\u00fcnyesinde hizmet veren her personelin almas\u0131 gereken e\u011fitimlerdir. Bu e\u011fitimler sayesinde personellerinizin potansiyelinden tam anlam\u0131yla yararlanma, sistemleri kar\u015f\u0131s\u0131nda kriz durumlar\u0131nda y\u00f6netme duyarl\u0131l\u0131\u011f\u0131 sergileme gibi verimler elde edilebilir. G\u00fcn\u00fcm\u00fczde bu e\u011fitimleri veren bir\u00e7ok kurum ve profesyoneller mevcuttur.<strong>Geni\u015f bir i\u015f hacmine sahip olan bilgisayarl\u0131 sistemler validasyonu;<\/strong><\/p>\n\n\n\n<ul class=\"wp-block-list\"><li>Kurumsal kaynaklar planlama sistemleri Kalifikasyonu<\/li><li>LIMS &amp; MES validasyonu<\/li><li>Spreadsheet validasyonu<\/li><li>PLC &amp; SCADA Kalifikasyonu<\/li><li>Bulut bili\u015fim Kalifikasyonu<\/li><li>Bina Y\u00f6netim Sistemleri Validasyonu<\/li><li>Network Kalifikasyonu<\/li><li>Veri B\u00fct\u00fcnl\u00fc\u011f\u00fc<\/li><li>Elektronik Kay\u0131tlar &amp; Elektronik Sistemler<\/li><li>Y\u0131k\u0131m Onar\u0131m\u0131 &amp; \u0130\u015f S\u00fcreklili\u011fi<\/li><\/ul>\n\n\n\n<p>Gibi bir\u00e7ok konuyu kapsar.<\/p>\n\n\n\n<h2 class=\"wp-block-heading\">Bilgisayar Sistemi \u0130htiya\u00e7lar\u0131n\u0131 Belirleme<\/h2>\n\n\n\n<p>Sistemsel i\u015flemlerin do\u011frulanmas\u0131n\u0131 sa\u011flamak ve ba\u015farmak istedi\u011finiz konuyu ifade etmek ile ba\u015flar. G\u00fcn\u00fcm\u00fczden \u00f6rnek verecek olursak, herhangi bir farmakolojik \u00fcretim kurumu \u00e7evrimi\u00e7i bir depo envanteri kurmak istiyordur. Envanterde birtak\u0131m hatalar varsa, son kullanma tarihi ge\u00e7mi\u015f olan ve hatal\u0131 bilgiler i\u00e7eriyorsa, hesaplamalar ile alakal\u0131 problemler gibi mevzuattan kaynaklanan herhangi bir risk durumu var ise resmi otoritelerin dava a\u00e7ma durumlar\u0131 ile kar\u015f\u0131la\u015f\u0131labilir. Fakat baz\u0131 i\u015f risklerinde, ham madde sipari\u015flerinin zaman\u0131nda olmamas\u0131, muhasebe hesaplamalar\u0131n\u0131n ger\u00e7ek kullan\u0131mlar\u0131 yans\u0131t\u0131lmayabilir. Stoklarda yer almayan mallar\u0131n sat\u0131n al\u0131nmas\u0131 hatal\u0131 bir y\u00f6netim uygulamas\u0131d\u0131r.<\/p>\n\n\n\n<h2 class=\"wp-block-heading\">Bilgisayar Sistemleri ile Bu \u00c7al\u0131\u015fmalar Nas\u0131l Yap\u0131l\u0131r?<\/h2>\n\n\n\n<p>Veri tabanlar\u0131n\u0131n g\u00fcncelleme i\u015flemleri yap\u0131l\u0131rken, veri taban\u0131 uygulamalar\u0131ndaki yaz\u0131l\u0131m hatalar\u0131 ve veri taban\u0131n\u0131 korumak i\u00e7in haz\u0131rlanan a\u00e7\u0131klamalar\u0131n yeterli olmamas\u0131 bu hatalar\u0131n kaynaklar\u0131ndand\u0131r. \u015eifreleme ve kilitleme hatalar\u0131na \u00f6rnek verecek olursak, yanl\u0131\u015fl\u0131kla girilmi\u015f olan bir basamak s\u00f6z konusu olabilir. Yaz\u0131l\u0131m uygulama hatalar\u0131na \u00f6rnek ise \u00fcr\u00fcn kodlar\u0131 ile lot numaras\u0131n\u0131 kar\u0131\u015ft\u0131ran bir ekrandan s\u00f6z edilebilir. Y\u00f6ntemsel hatalara bir \u00f6rnek ise, komut kay\u0131tlar\u0131n\u0131n nas\u0131l yap\u0131laca\u011f\u0131 ile alakal\u0131 a\u00e7\u0131k olmayan y\u00f6nergelerden bahsedilebilir. Bu hatalar dikkatli bir \u015fekilde incelendi\u011fi zaman, do\u011fru bi\u00e7imde yap\u0131lan form\u00fclasyonlar\u0131n yanl\u0131\u015f olarak nitelendirilmi\u015f herhangi bir \u00fcr\u00fcn \u00e7\u0131karmas\u0131 ile sonlanabilir. Bahsetti\u011fimiz hatalar\u0131n hepsi kolayca \u00e7\u00f6z\u00fclebilen hatalard\u0131r. Fakat ba\u015farmak i\u00e7in tam ve do\u011fru olarak yaz\u0131lan bilgiler olmadan bu hatalardan ka\u00e7mak m\u00fcmk\u00fcn de\u011fildir.<\/p>\n\n\n\n<h2 class=\"wp-block-heading\">Y\u00f6netim Bilgi Sistemleri Sorumluluklar\u0131 Nelerdir?<\/h2>\n\n\n\n<p>Ekran tasar\u0131m\u0131 yetersizdir. Y\u00f6netim bilgi sistemleri fonksiyonlar\u0131 a\u015fa\u011f\u0131da bahsetti\u011fimiz \u00f6zelliklere sahip olmal\u0131d\u0131r;<\/p>\n\n\n\n<ol class=\"wp-block-list\"><li>Sistem giri\u015fleri yaln\u0131zca yetkili ki\u015filerin eri\u015fimiyle s\u0131n\u0131rl\u0131 olmal\u0131.<\/li><li>Yanl\u0131\u015f ve eksik giri\u015flerden \u00f6t\u00fcr\u00fc \u015fifreleme ve kilitleme i\u015flemleri do\u011frulanm\u0131\u015f olmal\u0131.<\/li><li>Kritik giri\u015flerden \u00f6nce farkl\u0131 ki\u015filer taraf\u0131ndan yeniden g\u00f6zden ge\u00e7irilmelidir ve onaylanmal\u0131d\u0131r.<\/li><li>Sorunlara yol a\u00e7acak ve sorgulanmas\u0131 gereken girdilerin al\u0131n\u0131nca bilgisayardan sorumlu ki\u015filerin uyar\u0131lmas\u0131 gerekir.<\/li><li>Bu de\u011fi\u015fiklerin her biri yaln\u0131zca yetkili ki\u015filer taraf\u0131ndan yap\u0131lmal\u0131d\u0131r.<\/li><\/ol>\n\n\n\n<p>Bahsetti\u011fimiz noktalar\u0131n hi\u00e7biri ekran problemleri de\u011fildir. Hepsi sistem \u00f6zelliklerinin par\u00e7alar\u0131ndand\u0131r ve b\u00fct\u00fcn bu durumlardan MIS ( y\u00f6netim bilgi sistemleri) sorumludur. Fakat bu durumlar\u0131n herhangi biri kara kutu \u00f6zellikleri kadar \u00f6neme sahip de\u011fildir. Daha alt seviyede herhangi bir durumu a\u00e7\u0131k bir bi\u00e7imde belirtmeden \u00f6nce MIS fonksiyonlar\u0131 yaz\u0131l\u0131mlar\u0131 belirtilmelidir. Yaz\u0131l\u0131mlar\u0131 s\u0131f\u0131rdan kurmak yerine haz\u0131r ve hatas\u0131z olanlar\u0131 sat\u0131n almak mant\u0131kl\u0131d\u0131r.<\/p>\n","protected":false},"excerpt":{"rendered":"<p>Bilgisayarl\u0131 Sistemler Validasyonu G\u00fcn\u00fcm\u00fczde otoritelere kar\u015f\u0131 \u00e7\u0131kacak problemler ile kar\u015f\u0131la\u015fma riskini minimum seviyeye indirmek ve kar\u0131\u015f\u0131kl\u0131klar\u0131 engellemek i\u00e7in uygunluk seviyesini en iyi duruma getirmek ve maliyet gibi konularda yard\u0131m alabilmek i\u00e7in kullan\u0131lan sistemler&nbsp;bilgisayarl\u0131 sistemler validasyonu&nbsp;i\u015flemleridir. G\u00fcn\u00fcm\u00fcz ko\u015fullar\u0131nda \u00e7al\u0131\u015fma alanlar\u0131ndaki personellerin vasatl\u0131k d\u00fczeyini kabullenmek ve bilgisayar yard\u0131mlar\u0131 ile bu tarz personellerin davran\u0131\u015flar\u0131n\u0131 ve e\u011fitim d\u00fczeylerinin d\u00fc\u015f\u00fckl\u00fc\u011f\u00fcn\u00fc [&hellip;]<\/p>\n","protected":false},"author":1,"featured_media":0,"parent":0,"menu_order":0,"comment_status":"closed","ping_status":"closed","template":"","meta":{"footnotes":""},"class_list":["post-2","page","type-page","status-publish","hentry"],"_links":{"self":[{"href":"http:\/\/www.ittservice.net\/index.php\/wp-json\/wp\/v2\/pages\/2"}],"collection":[{"href":"http:\/\/www.ittservice.net\/index.php\/wp-json\/wp\/v2\/pages"}],"about":[{"href":"http:\/\/www.ittservice.net\/index.php\/wp-json\/wp\/v2\/types\/page"}],"author":[{"embeddable":true,"href":"http:\/\/www.ittservice.net\/index.php\/wp-json\/wp\/v2\/users\/1"}],"replies":[{"embeddable":true,"href":"http:\/\/www.ittservice.net\/index.php\/wp-json\/wp\/v2\/comments?post=2"}],"version-history":[{"count":2,"href":"http:\/\/www.ittservice.net\/index.php\/wp-json\/wp\/v2\/pages\/2\/revisions"}],"predecessor-version":[{"id":14,"href":"http:\/\/www.ittservice.net\/index.php\/wp-json\/wp\/v2\/pages\/2\/revisions\/14"}],"wp:attachment":[{"href":"http:\/\/www.ittservice.net\/index.php\/wp-json\/wp\/v2\/media?parent=2"}],"curies":[{"name":"wp","href":"https:\/\/api.w.org\/{rel}","templated":true}]}}